{"id":1100,"date":"2016-06-07T10:04:36","date_gmt":"2016-06-07T08:04:36","guid":{"rendered":"http:\/\/www.enfants.mpt-barsuraube.fr\/?page_id=1100"},"modified":"2024-02-19T16:23:24","modified_gmt":"2024-02-19T14:23:24","slug":"modalites-dinscription","status":"publish","type":"page","link":"https:\/\/www.enfants.mpt-barsuraube.fr\/?page_id=1100","title":{"rendered":"Le dossier d&rsquo;inscription"},"content":{"rendered":"<p style=\"text-align: center;\"><a href=\"https:\/\/www.enfants.mpt-barsuraube.fr\/wp-content\/uploads\/2019\/10\/Logo-MPT-Jean-Luc-Petit-temporaire.png\"><img loading=\"lazy\" decoding=\"async\" class=\"aligncenter size-medium wp-image-3248\" src=\"https:\/\/www.enfants.mpt-barsuraube.fr\/wp-content\/uploads\/2019\/10\/Logo-MPT-Jean-Luc-Petit-temporaire-300x222.png\" alt=\"\" width=\"300\" height=\"222\" srcset=\"https:\/\/www.enfants.mpt-barsuraube.fr\/wp-content\/uploads\/2019\/10\/Logo-MPT-Jean-Luc-Petit-temporaire-300x222.png 300w, https:\/\/www.enfants.mpt-barsuraube.fr\/wp-content\/uploads\/2019\/10\/Logo-MPT-Jean-Luc-Petit-temporaire.png 581w\" sizes=\"(max-width: 300px) 100vw, 300px\" \/><\/a><\/p>\n<p style=\"text-align: justify;\">Les parents ou tuteurs l\u00e9gaux doivent remplir le dossier d\u2019inscription de la saison en cours. L\u2019inscription est d\u00e9finitive quand le dossier est compl\u00e9t\u00e9 et remis \u00e0 l\u2019accueil de la MPT Jean-Luc Petit Centre Social.<br \/>\nLe paiement des p\u00e9riodes de pr\u00e9sence doit \u00eatre effectu\u00e9 avant la venue de votre enfant au sein du Village d&rsquo;Enfants.<\/p>\n<ul style=\"list-style-type: square;\">\n<li>\n<h2>LE DOSSIER D&rsquo;INSCRIPTION 2023\/2024<\/h2>\n<\/li>\n<\/ul>\n<p style=\"text-align: justify;\">Vous avez la <span style=\"text-decoration: underline;\">possibilit\u00e9 de les t\u00e9l\u00e9charger<\/span> ci-dessous et de les compl\u00e9ter chez vous avant de les remettre \u00e0 la MPT :<\/p>\n<p><span style=\"text-decoration: underline;\"><strong>Documents \u00e0 compl\u00e9ter :<\/strong><\/span><\/p>\n<blockquote>\n<ul>\n<li><strong><a href=\"https:\/\/www.enfants.mpt-barsuraube.fr\/wp-content\/uploads\/2022\/10\/Fiche-renseignements-2022-2023.pdf\">Fiche renseignements 2023-2024<\/a><br \/>\n<\/strong><\/li>\n<li><strong><a href=\"https:\/\/www.enfants.mpt-barsuraube.fr\/wp-content\/uploads\/2021\/06\/FICHE-SANITAIRE-2021.pdf\">Fiche sanitaire <\/a><\/strong><\/li>\n<li><span style=\"color: #007fac;\"><b><u>R\u00e8glement<\/u><\/b><\/span><a style=\"font-weight: bold;\" href=\"https:\/\/www.enfants.mpt-barsuraube.fr\/wp-content\/uploads\/2021\/06\/Reglement-interieur.pdf\"> int\u00e9rieur<\/a><\/li>\n<li><a href=\"https:\/\/www.enfants.mpt-barsuraube.fr\/wp-content\/uploads\/2020\/11\/Attestation-r\u00e8glement-int\u00e9rieur.pdf\"><strong><strong>Accus\u00e9 de r\u00e9ception et d&rsquo;acceptation du r\u00e8glement int\u00e9rieur<\/strong><\/strong><\/a><\/li>\n<li><a href=\"https:\/\/www.enfants.mpt-barsuraube.fr\/wp-content\/uploads\/2020\/11\/Fiche-d\u00e9charge-repas-facultatif.pdf\"><strong><span style=\"font-size: 8pt;\">(Facultatif)<\/span> Fiche de d\u00e9charge repas<\/strong><\/a><\/li>\n<li><strong><a href=\"https:\/\/www.enfants.mpt-barsuraube.fr\/wp-content\/uploads\/2019\/06\/Projet-dAccueil-Individualis\u00e9-PAI.pdf\"><span style=\"font-size: 8pt;\">(Facultatif)<\/span> Projet d&rsquo;Accueil Individualis\u00e9 (PAI)<\/a><a href=\"https:\/\/www.enfants.mpt-barsuraube.fr\/wp-content\/uploads\/2016\/10\/Projet-dAccueil-Individualis\u00e9-PAI.pdf\"><br \/>\n<\/a>\u2192\u00a0<\/strong>pour les enfants en situation de handicap et\/ou avec des probl\u00e8mes de sant\u00e9 n\u00e9cessitant un am\u00e9nagement et\/ou une attention\u00a0particuli\u00e8re<\/li>\n<\/ul>\n<\/blockquote>\n<p><span style=\"text-decoration: underline;\"><strong>Documents \u00e0 fournir :<\/strong><\/span><\/p>\n<blockquote>\n<ul>\n<li><strong>La photocopie des vaccins<br \/>\n\u2192\u00a0<\/strong>DTP minimum pour les enfants n\u00e9s avant 2018<strong><br \/>\n<\/strong><\/li>\n<li><strong>Une attestation d&rsquo;assurance extrascolaire<\/strong> (responsabilit\u00e9 civile)<\/li>\n<li><strong>Une notification de droit \u00e0 l&rsquo;aide aux vacances et temps libres CAF\/MSA<\/strong> (ou le dernier avis d&rsquo;imposition)<\/li>\n<li><strong>Un moyen de paiement<\/strong> (ch\u00e8que, esp\u00e8ce, virement possible)<strong><br \/>\n<\/strong>\u2192 L&rsquo;adh\u00e9sion est \u00e0 10<strong>\u00a0\u20ac<\/strong> par enfant et valable jusqu&rsquo;au 30 Juin de la saison en cours.<\/li>\n<\/ul>\n<\/blockquote>\n<p><strong><span style=\"text-decoration: underline;\">Comment s&rsquo;inscrire au Village d&rsquo;Enfants ?<\/span><br \/>\n<\/strong><em>(il est n\u00e9cessaire que le dossier soit complet et que les p\u00e9riodes de pr\u00e9sences choisies soient pay\u00e9es avant la venue de l&rsquo;enfant \u00e0 l&rsquo;accueil de loisirs)<\/em><\/p>\n<blockquote>\n<ul>\n<li><strong>En remplissant une feuille de pr\u00e9inscription<\/strong> pour une p\u00e9riode donn\u00e9e disponible \u00e0 la MPT<\/li>\n<\/ul>\n<\/blockquote>\n","protected":false},"excerpt":{"rendered":"<p>Les parents ou tuteurs l\u00e9gaux doivent remplir le dossier d\u2019inscription de la saison en cours. L\u2019inscription est d\u00e9finitive quand le dossier est compl\u00e9t\u00e9 et remis \u00e0 l\u2019accueil de la MPT [&hellip;]<\/p>\n","protected":false},"author":6,"featured_media":1024,"parent":6,"menu_order":3,"comment_status":"closed","ping_status":"closed","template":"","meta":{"_EventAllDay":false,"_EventTimezone":"","_EventStartDate":"","_EventEndDate":"","_EventStartDateUTC":"","_EventEndDateUTC":"","_EventShowMap":false,"_EventShowMapLink":false,"_EventURL":"","_EventCost":"","_EventCostDescription":"","_EventCurrencySymbol":"","_EventCurrencyCode":"","_EventCurrencyPosition":"","_EventDateTimeSeparator":"","_EventTimeRangeSeparator":"","_EventOrganizerID":[],"_EventVenueID":[],"_OrganizerEmail":"","_OrganizerPhone":"","_OrganizerWebsite":"","_VenueAddress":"","_VenueCity":"","_VenueCountry":"","_VenueProvince":"","_VenueState":"","_VenueZip":"","_VenuePhone":"","_VenueURL":"","_VenueStateProvince":"","_VenueLat":"","_VenueLng":"","_VenueShowMap":false,"_VenueShowMapLink":false,"jetpack_post_was_ever_published":false,"footnotes":""},"jetpack_sharing_enabled":true,"jetpack_shortlink":"https:\/\/wp.me\/P5oR74-hK","_links":{"self":[{"href":"https:\/\/www.enfants.mpt-barsuraube.fr\/index.php?rest_route=\/wp\/v2\/pages\/1100"}],"collection":[{"href":"https:\/\/www.enfants.mpt-barsuraube.fr\/index.php?rest_route=\/wp\/v2\/pages"}],"about":[{"href":"https:\/\/www.enfants.mpt-barsuraube.fr\/index.php?rest_route=\/wp\/v2\/types\/page"}],"author":[{"embeddable":true,"href":"https:\/\/www.enfants.mpt-barsuraube.fr\/index.php?rest_route=\/wp\/v2\/users\/6"}],"replies":[{"embeddable":true,"href":"https:\/\/www.enfants.mpt-barsuraube.fr\/index.php?rest_route=%2Fwp%2Fv2%2Fcomments&post=1100"}],"version-history":[{"count":45,"href":"https:\/\/www.enfants.mpt-barsuraube.fr\/index.php?rest_route=\/wp\/v2\/pages\/1100\/revisions"}],"predecessor-version":[{"id":3761,"href":"https:\/\/www.enfants.mpt-barsuraube.fr\/index.php?rest_route=\/wp\/v2\/pages\/1100\/revisions\/3761"}],"up":[{"embeddable":true,"href":"https:\/\/www.enfants.mpt-barsuraube.fr\/index.php?rest_route=\/wp\/v2\/pages\/6"}],"wp:featuredmedia":[{"embeddable":true,"href":"https:\/\/www.enfants.mpt-barsuraube.fr\/index.php?rest_route=\/wp\/v2\/media\/1024"}],"wp:attachment":[{"href":"https:\/\/www.enfants.mpt-barsuraube.fr\/index.php?rest_route=%2Fwp%2Fv2%2Fmedia&parent=1100"}],"curies":[{"name":"wp","href":"https:\/\/api.w.org\/{rel}","templated":true}]}}