{"id":13,"date":"2014-10-15T19:50:33","date_gmt":"2014-10-15T17:50:33","guid":{"rendered":"http:\/\/www.enfants.mpt-barsuraube.fr\/?page_id=13"},"modified":"2024-02-19T16:18:17","modified_gmt":"2024-02-19T14:18:17","slug":"lequipe-du-club-enfants","status":"publish","type":"page","link":"https:\/\/www.enfants.mpt-barsuraube.fr\/?page_id=13","title":{"rendered":"L\u2019\u00e9quipe du Village d&rsquo;Enfants"},"content":{"rendered":"<h1><span style=\"color: #d1904f;\"><strong>L&rsquo;\u00c9QUIPE R\u00c9F\u00c9RENTE<\/strong><\/span><\/h1>\n<p>Le Village d&rsquo;Enfants dispose d&rsquo;une \u00e9quipe d&rsquo;animation qualifi\u00e9e :<\/p>\n<ul>\n<li><strong>Am\u00e9lie PETITFRERE<\/strong>, directrice du Village d&rsquo;Enfants<\/li>\n<li><strong>Alicia GUENARD<\/strong>, animatrice dipl\u00f4m\u00e9e, directrice adjointe<\/li>\n<li><strong>Aur\u00e9lie\u00a0COLSON<\/strong>, animatrice r\u00e9f\u00e9rente \u00ab\u00a0Familles\u00a0\u00bb<\/li>\n<li><strong>Arnaud ORTILON<\/strong>, animateur sportif cirque, VTT, rollers, sport passerelles ACM enfants et ados<\/li>\n<\/ul>\n<h1><span style=\"color: #d1904f;\"><strong>LES AUTRES INTERVENANT\u00b7E\u00b7S<\/strong><\/span><\/h1>\n<p style=\"text-align: justify;\">De jeunes animateurs\u00b7trices rejoignent ponctuellement l&rsquo;\u00e9quipe dans le cadre de leur formation BAFA<span style=\"color: #ff0000;\"><sup>1<\/sup><\/span>.<br \/>\nPour plus d&rsquo;informations vis-\u00e0-vis de cette formation, n&rsquo;h\u00e9sitez pas \u00e0 prendre contact avec notre secr\u00e9tariat.<\/p>\n<p style=\"text-align: justify;\">Pendant les vacances scolaires notamment, nous recrutons une \u00e9quipe d&rsquo;animation saisonni\u00e8re de confiance.<br \/>\nLe nombre de membres de l&rsquo;\u00e9quipe varie en fonction du nombre d&rsquo;enfants fr\u00e9quentant la structure en sachant que la r\u00e9glementation exige <strong>1 animateur\u00b7trice pour 12 enfants de + de 6 ans<\/strong>, et <strong>1 animateur\u00b7trice pour 8 enfants de &#8211; de 6 ans<\/strong>. Il est donc important d&rsquo;effectuer vos inscriptions \u00e0 l&rsquo;avance pour une meilleure organisation.<\/p>\n<p style=\"text-align: justify;\">Enfin, de nombreuses personnes (aussi bien des parents que d&rsquo;autres personnes ext\u00e9rieures au Village d&rsquo;Enfants) nous aident b\u00e9n\u00e9volement lors des nombreuses manifestations dans lesquelles la MPT intervient ; nous les remercions grandement et nous ne le dirons jamais assez !<\/p>\n<hr \/>\n<p style=\"text-align: justify;\"><sup><span style=\"color: #ff0000;\">1<\/span><\/sup> <span style=\"font-size: 10pt;\"><em>BAFA : Brevet d&rsquo;Aptitude aux Fonctions d&rsquo;Animateur<\/em><\/span><\/p>\n","protected":false},"excerpt":{"rendered":"<p>L&rsquo;\u00c9QUIPE R\u00c9F\u00c9RENTE Le Village d&rsquo;Enfants dispose d&rsquo;une \u00e9quipe d&rsquo;animation qualifi\u00e9e : Am\u00e9lie PETITFRERE, directrice du Village d&rsquo;Enfants Alicia GUENARD, animatrice dipl\u00f4m\u00e9e, directrice adjointe Aur\u00e9lie\u00a0COLSON, animatrice r\u00e9f\u00e9rente \u00ab\u00a0Familles\u00a0\u00bb Arnaud ORTILON, animateur [&hellip;]<\/p>\n","protected":false},"author":12,"featured_media":0,"parent":6,"menu_order":1,"comment_status":"closed","ping_status":"closed","template":"","meta":{"_EventAllDay":false,"_EventTimezone":"","_EventStartDate":"","_EventEndDate":"","_EventStartDateUTC":"","_EventEndDateUTC":"","_EventShowMap":false,"_EventShowMapLink":false,"_EventURL":"","_EventCost":"","_EventCostDescription":"","_EventCurrencySymbol":"","_EventCurrencyCode":"","_EventCurrencyPosition":"","_EventDateTimeSeparator":"","_EventTimeRangeSeparator":"","_EventOrganizerID":[],"_EventVenueID":[],"_OrganizerEmail":"","_OrganizerPhone":"","_OrganizerWebsite":"","_VenueAddress":"","_VenueCity":"","_VenueCountry":"","_VenueProvince":"","_VenueState":"","_VenueZip":"","_VenuePhone":"","_VenueURL":"","_VenueStateProvince":"","_VenueLat":"","_VenueLng":"","_VenueShowMap":false,"_VenueShowMapLink":false,"jetpack_post_was_ever_published":false,"footnotes":""},"jetpack_sharing_enabled":true,"jetpack_shortlink":"https:\/\/wp.me\/P5oR74-d","_links":{"self":[{"href":"https:\/\/www.enfants.mpt-barsuraube.fr\/index.php?rest_route=\/wp\/v2\/pages\/13"}],"collection":[{"href":"https:\/\/www.enfants.mpt-barsuraube.fr\/index.php?rest_route=\/wp\/v2\/pages"}],"about":[{"href":"https:\/\/www.enfants.mpt-barsuraube.fr\/index.php?rest_route=\/wp\/v2\/types\/page"}],"author":[{"embeddable":true,"href":"https:\/\/www.enfants.mpt-barsuraube.fr\/index.php?rest_route=\/wp\/v2\/users\/12"}],"replies":[{"embeddable":true,"href":"https:\/\/www.enfants.mpt-barsuraube.fr\/index.php?rest_route=%2Fwp%2Fv2%2Fcomments&post=13"}],"version-history":[{"count":24,"href":"https:\/\/www.enfants.mpt-barsuraube.fr\/index.php?rest_route=\/wp\/v2\/pages\/13\/revisions"}],"predecessor-version":[{"id":3758,"href":"https:\/\/www.enfants.mpt-barsuraube.fr\/index.php?rest_route=\/wp\/v2\/pages\/13\/revisions\/3758"}],"up":[{"embeddable":true,"href":"https:\/\/www.enfants.mpt-barsuraube.fr\/index.php?rest_route=\/wp\/v2\/pages\/6"}],"wp:attachment":[{"href":"https:\/\/www.enfants.mpt-barsuraube.fr\/index.php?rest_route=%2Fwp%2Fv2%2Fmedia&parent=13"}],"curies":[{"name":"wp","href":"https:\/\/api.w.org\/{rel}","templated":true}]}}