{"id":15,"date":"2014-10-15T19:50:56","date_gmt":"2014-10-15T17:50:56","guid":{"rendered":"http:\/\/www.enfants.mpt-barsuraube.fr\/?page_id=15"},"modified":"2022-10-18T16:05:58","modified_gmt":"2022-10-18T14:05:58","slug":"contact","status":"publish","type":"page","link":"https:\/\/www.enfants.mpt-barsuraube.fr\/?page_id=15","title":{"rendered":"Contact"},"content":{"rendered":"<h4 style=\"text-align: center;\"><em>Merci de l&rsquo;int\u00e9r\u00eat que vous portez \u00e0 la Maison Pour Tous Jean-Luc Petit &#8211; Centre social<\/em><\/h4>\n<p style=\"text-align: center;\"><a href=\"https:\/\/www.enfants.mpt-barsuraube.fr\/wp-content\/uploads\/2019\/10\/Logo-MPT-Jean-Luc-Petit-temporaire.png\"><img loading=\"lazy\" decoding=\"async\" class=\"aligncenter  wp-image-3248\" src=\"https:\/\/www.enfants.mpt-barsuraube.fr\/wp-content\/uploads\/2019\/10\/Logo-MPT-Jean-Luc-Petit-temporaire-300x222.png\" alt=\"\" width=\"161\" height=\"119\" srcset=\"https:\/\/www.enfants.mpt-barsuraube.fr\/wp-content\/uploads\/2019\/10\/Logo-MPT-Jean-Luc-Petit-temporaire-300x222.png 300w, https:\/\/www.enfants.mpt-barsuraube.fr\/wp-content\/uploads\/2019\/10\/Logo-MPT-Jean-Luc-Petit-temporaire.png 581w\" sizes=\"(max-width: 161px) 100vw, 161px\" \/><\/a><\/p>\n<p style=\"text-align: center;\">La Maison Pour Tous Jean-Luc Petit &#8211; Centre social se situe \u00e0 l&rsquo;adresse suivante :<\/p>\n<h4 style=\"text-align: center;\"><em><strong>M<\/strong>aison <strong>P<\/strong>our <strong>T<\/strong>ous Jean-Luc Petit &#8211; Centre Social<br \/>\n<\/em><\/h4>\n<h4 style=\"text-align: center;\">5 Rue Abb\u00e9 Riel<br \/>\n10200 Bar sur Aube<\/h4>\n<p style=\"text-align: center;\"><strong>T\u00e9l : 03 25 27 31 25<\/p>\n<p><\/strong><\/p>\n<h5 style=\"text-align: center;\"><\/h5>\n<p style=\"text-align: center;\"><a title=\"animation.jeunes.mpt-barsuraube@orange.fr\" href=\"mailto:animation.jeunes.mpt-barsuraube@orange.fr\">@ Le Club Ados<\/a><br \/>\n<a title=\"enfance.mpt.bsa@gmail.com\" href=\"mailto:enfance.mpt.bsa@gmail.com\">@ Le Village d&rsquo;Enfants<\/a><br \/>\n<a title=\"E-mail du directeur de la MPT\" href=\"mailto:dirmpt.barsuraube@gmail.com\">@ Le Directeur<\/a><br \/>\n<a title=\"E-mail du Webmaster\" href=\"mailto:arber.gjoni@hotmail.fr\">@ Le Webmaster<\/a><\/p>\n<p style=\"text-align: center;\"><em>Ci-dessous, le plan d&rsquo;acc\u00e8s \u00e0 la Maison Pour Tous\u00a0:<\/em><\/p>\n<p style=\"text-align: center;\"><iframe loading=\"lazy\" style=\"border: 0;\" src=\"https:\/\/www.google.com\/maps\/embed?pb=!1m14!1m8!1m3!1d1328.8511450672881!2d4.708007214958179!3d48.23160694726098!3m2!1i1024!2i768!4f13.1!3m3!1m2!1s0x0%3A0x369344b54f365b07!2sMaison+pour+Tous!5e0!3m2!1sfr!2sfr!4v1415733514576\" width=\"450\" height=\"325\" frameborder=\"0\"><\/iframe><\/p>\n<p style=\"text-align: center;\"><em>Cliquez sur le lien suivant pour acc\u00e9der au plan indiquant l&#8217;emplacement de la cantine :<br \/>\n<strong><a href=\"https:\/\/www.enfants.mpt-barsuraube.fr\/?page_id=2012\">https:\/\/www.enfants.mpt-barsuraube.fr\/?page_id=2012<\/a><\/strong><br \/>\n<\/em><\/p>\n<div style=\"text-align: center;\"><\/div>\n","protected":false},"excerpt":{"rendered":"<p>Merci de l&rsquo;int\u00e9r\u00eat que vous portez \u00e0 la Maison Pour Tous Jean-Luc Petit &#8211; Centre social La Maison Pour Tous Jean-Luc Petit &#8211; Centre social se situe \u00e0 l&rsquo;adresse suivante [&hellip;]<\/p>\n","protected":false},"author":1,"featured_media":0,"parent":0,"menu_order":7,"comment_status":"closed","ping_status":"closed","template":"","meta":{"_EventAllDay":false,"_EventTimezone":"","_EventStartDate":"","_EventEndDate":"","_EventStartDateUTC":"","_EventEndDateUTC":"","_EventShowMap":false,"_EventShowMapLink":false,"_EventURL":"","_EventCost":"","_EventCostDescription":"","_EventCurrencySymbol":"","_EventCurrencyCode":"","_EventCurrencyPosition":"","_EventDateTimeSeparator":"","_EventTimeRangeSeparator":"","_EventOrganizerID":[],"_EventVenueID":[],"_OrganizerEmail":"","_OrganizerPhone":"","_OrganizerWebsite":"","_VenueAddress":"","_VenueCity":"","_VenueCountry":"","_VenueProvince":"","_VenueState":"","_VenueZip":"","_VenuePhone":"","_VenueURL":"","_VenueStateProvince":"","_VenueLat":"","_VenueLng":"","_VenueShowMap":false,"_VenueShowMapLink":false,"jetpack_post_was_ever_published":false,"footnotes":""},"jetpack_sharing_enabled":true,"jetpack_shortlink":"https:\/\/wp.me\/P5oR74-f","_links":{"self":[{"href":"https:\/\/www.enfants.mpt-barsuraube.fr\/index.php?rest_route=\/wp\/v2\/pages\/15"}],"collection":[{"href":"https:\/\/www.enfants.mpt-barsuraube.fr\/index.php?rest_route=\/wp\/v2\/pages"}],"about":[{"href":"https:\/\/www.enfants.mpt-barsuraube.fr\/index.php?rest_route=\/wp\/v2\/types\/page"}],"author":[{"embeddable":true,"href":"https:\/\/www.enfants.mpt-barsuraube.fr\/index.php?rest_route=\/wp\/v2\/users\/1"}],"replies":[{"embeddable":true,"href":"https:\/\/www.enfants.mpt-barsuraube.fr\/index.php?rest_route=%2Fwp%2Fv2%2Fcomments&post=15"}],"version-history":[{"count":14,"href":"https:\/\/www.enfants.mpt-barsuraube.fr\/index.php?rest_route=\/wp\/v2\/pages\/15\/revisions"}],"predecessor-version":[{"id":3689,"href":"https:\/\/www.enfants.mpt-barsuraube.fr\/index.php?rest_route=\/wp\/v2\/pages\/15\/revisions\/3689"}],"wp:attachment":[{"href":"https:\/\/www.enfants.mpt-barsuraube.fr\/index.php?rest_route=%2Fwp%2Fv2%2Fmedia&parent=15"}],"curies":[{"name":"wp","href":"https:\/\/api.w.org\/{rel}","templated":true}]}}