{"id":3410,"date":"2020-06-26T13:30:31","date_gmt":"2020-06-26T11:30:31","guid":{"rendered":"http:\/\/www.enfants.mpt-barsuraube.fr\/?page_id=3410"},"modified":"2024-06-25T16:33:08","modified_gmt":"2024-06-25T14:33:08","slug":"ete-2020","status":"publish","type":"page","link":"https:\/\/www.enfants.mpt-barsuraube.fr\/?page_id=3410","title":{"rendered":"\u00c9t\u00e9"},"content":{"rendered":"\n<p><a href=\"https:\/\/www.enfants.mpt-barsuraube.fr\/wp-content\/uploads\/2019\/01\/Logo-Village-dEnfants.png\"><img loading=\"lazy\" decoding=\"async\" class=\"aligncenter size-medium wp-image-2981\" src=\"https:\/\/www.enfants.mpt-barsuraube.fr\/wp-content\/uploads\/2019\/01\/Logo-Village-dEnfants-300x234.png\" alt=\"\" width=\"300\" height=\"234\" srcset=\"https:\/\/www.enfants.mpt-barsuraube.fr\/wp-content\/uploads\/2019\/01\/Logo-Village-dEnfants-300x234.png 300w, https:\/\/www.enfants.mpt-barsuraube.fr\/wp-content\/uploads\/2019\/01\/Logo-Village-dEnfants-768x598.png 768w, https:\/\/www.enfants.mpt-barsuraube.fr\/wp-content\/uploads\/2019\/01\/Logo-Village-dEnfants-1024x798.png 1024w, https:\/\/www.enfants.mpt-barsuraube.fr\/wp-content\/uploads\/2019\/01\/Logo-Village-dEnfants.png 1520w\" sizes=\"(max-width: 300px) 100vw, 300px\" \/><\/a>Bonjour,<br \/><br \/>L&rsquo;accueil de loisirs de la Maison Pour Tous Jean-Luc Petit ouvrira sur l&rsquo;ensemble des vacances d&rsquo;\u00e9t\u00e9 (hors jours f\u00e9ri\u00e9s) soit <strong>de juillet \u00e0 fin ao\u00fbt<\/strong>.<\/p>\n<ul style=\"list-style-type: disc;\">\n<li><span style=\"color: #ff6600;\"><strong>MODALIT\u00c9S D&rsquo;INSCRIPTION<\/strong><\/span><br \/>&#8211; Remplir le <span style=\"text-decoration: underline;\">dossier d&rsquo;inscription 2024-2025<\/span>\u00a0(disponible \u00e9galement \u00e0 la MPT) et le transmettre au secr\u00e9tariat<br \/>&#8211; Paiement des journ\u00e9es de pr\u00e9sence pour valider l&rsquo;inscription<br \/><br \/>&#8211; <strong>Inscription \u00e0 la journ\u00e9e ou \u00e0 la demi-journ\u00e9e avec ou sans repas<br \/><\/strong>&#8211; Ouverture de l&rsquo;accueil de loisirs \u00e0 <strong>tous les enfants \u00e2g\u00e9s entre 3 et 11 ans <\/strong>(dans la limite des places disponibles)<strong><br \/><br \/><\/strong>&#8211; <span style=\"text-decoration: underline;\">Pour le mois de juillet<\/span> : inscription de pr\u00e9f\u00e9rence avant le <strong>02 juillet<\/strong><br \/>&#8211; <span style=\"text-decoration: underline;\">Pour le mois d&rsquo;ao\u00fbt<\/span> : inscription de pr\u00e9f\u00e9rence avant le <strong>29 juillet<\/strong><br \/>&#8211; Au-del\u00e0 des dates fix\u00e9es, les inscriptions seront prises en compte en fonction des places disponibles et doivent \u00eatre faites au moins 48h \u00e0 l&rsquo;avance.<br \/><br \/>&#8211; Les d\u00e9sinscriptions seront factur\u00e9es si aucun justificatif n&rsquo;est pr\u00e9sent\u00e9 au secr\u00e9tariat<br \/><br \/><\/li>\n<li><span style=\"color: #ff6600;\"><strong>L&rsquo;ORGANISATION DE LA JOURN\u00c9E<\/strong><\/span><br \/>&#8211; L&rsquo;accueil de loisirs est ouvert du <strong>lundi au vendredi de 7h30 \u00e0 18h30<\/strong><br \/>&#8211; L&rsquo;entr\u00e9e et la sortie de l&rsquo;accueil de loisirs se feront uniquement au 5<strong>\u00a0rue Abb\u00e9 Riel, 10200 Bar-sur-Aube<\/strong><br \/><br \/>&#8211; Accueil du matin de <strong>7h30 \u00e0 9h<br \/><\/strong>&#8211; Accueil du midi de <strong>11h30 \u00e0 12h<\/strong> \u00e0 la MPT ou directement \u00e0 la cantine selon groupe (voir avec la direction de l&rsquo;ACM)<strong><br \/><\/strong>&#8211; Accueil de l&rsquo;apr\u00e8s-midi de <strong>13h30 \u00e0 14h<br \/><\/strong>&#8211; Accueil du soir de <strong>17h \u00e0 18h30<br \/><br \/><\/strong>Les enfants ne seront plus accept\u00e9s en-dehors des horaires d&rsquo;accueil afin de ne plus p\u00e9naliser les autres camarades souhaitant sortir \u00e0 l&rsquo;ext\u00e9rieur.<br \/><span style=\"color: #ff6600;\"><span style=\"color: #000000;\"><br \/><em><strong>Pour +d&rsquo;infos :<\/strong><\/em><br \/>veuillez contacter notre <strong>secr\u00e9tariat au 03 25 27 31 25<\/strong><br \/><br \/>Vous pouvez aussi contacter les directions de l&rsquo;\u00e9t\u00e9 par mail :<br \/><strong>&#8211; Am\u00e9lie :<\/strong><strong>\u00a0enfance.mpt.bsa@gmail.com<\/strong><br \/><br \/><\/span><\/span><\/li>\n<\/ul>\n","protected":false},"excerpt":{"rendered":"<p>Bonjour, L&rsquo;accueil de loisirs de la Maison Pour Tous Jean-Luc Petit ouvrira sur l&rsquo;ensemble des vacances d&rsquo;\u00e9t\u00e9 (hors jours f\u00e9ri\u00e9s) soit de juillet \u00e0 fin ao\u00fbt. MODALIT\u00c9S D&rsquo;INSCRIPTION&#8211; Remplir le [&hellip;]<\/p>\n","protected":false},"author":6,"featured_media":1527,"parent":2780,"menu_order":1,"comment_status":"closed","ping_status":"closed","template":"","meta":{"_EventAllDay":false,"_EventTimezone":"","_EventStartDate":"","_EventEndDate":"","_EventStartDateUTC":"","_EventEndDateUTC":"","_EventShowMap":false,"_EventShowMapLink":false,"_EventURL":"","_EventCost":"","_EventCostDescription":"","_EventCurrencySymbol":"","_EventCurrencyCode":"","_EventCurrencyPosition":"","_EventDateTimeSeparator":"","_EventTimeRangeSeparator":"","_EventOrganizerID":[],"_EventVenueID":[],"_OrganizerEmail":"","_OrganizerPhone":"","_OrganizerWebsite":"","_VenueAddress":"","_VenueCity":"","_VenueCountry":"","_VenueProvince":"","_VenueState":"","_VenueZip":"","_VenuePhone":"","_VenueURL":"","_VenueStateProvince":"","_VenueLat":"","_VenueLng":"","_VenueShowMap":false,"_VenueShowMapLink":false,"jetpack_post_was_ever_published":false,"footnotes":""},"jetpack_sharing_enabled":true,"jetpack_shortlink":"https:\/\/wp.me\/P5oR74-T0","_links":{"self":[{"href":"https:\/\/www.enfants.mpt-barsuraube.fr\/index.php?rest_route=\/wp\/v2\/pages\/3410"}],"collection":[{"href":"https:\/\/www.enfants.mpt-barsuraube.fr\/index.php?rest_route=\/wp\/v2\/pages"}],"about":[{"href":"https:\/\/www.enfants.mpt-barsuraube.fr\/index.php?rest_route=\/wp\/v2\/types\/page"}],"author":[{"embeddable":true,"href":"https:\/\/www.enfants.mpt-barsuraube.fr\/index.php?rest_route=\/wp\/v2\/users\/6"}],"replies":[{"embeddable":true,"href":"https:\/\/www.enfants.mpt-barsuraube.fr\/index.php?rest_route=%2Fwp%2Fv2%2Fcomments&post=3410"}],"version-history":[{"count":8,"href":"https:\/\/www.enfants.mpt-barsuraube.fr\/index.php?rest_route=\/wp\/v2\/pages\/3410\/revisions"}],"predecessor-version":[{"id":3805,"href":"https:\/\/www.enfants.mpt-barsuraube.fr\/index.php?rest_route=\/wp\/v2\/pages\/3410\/revisions\/3805"}],"up":[{"embeddable":true,"href":"https:\/\/www.enfants.mpt-barsuraube.fr\/index.php?rest_route=\/wp\/v2\/pages\/2780"}],"wp:featuredmedia":[{"embeddable":true,"href":"https:\/\/www.enfants.mpt-barsuraube.fr\/index.php?rest_route=\/wp\/v2\/media\/1527"}],"wp:attachment":[{"href":"https:\/\/www.enfants.mpt-barsuraube.fr\/index.php?rest_route=%2Fwp%2Fv2%2Fmedia&parent=3410"}],"curies":[{"name":"wp","href":"https:\/\/api.w.org\/{rel}","templated":true}]}}