{"id":3628,"date":"2022-05-23T18:09:16","date_gmt":"2022-05-23T16:09:16","guid":{"rendered":"http:\/\/www.enfants.mpt-barsuraube.fr\/?page_id=3628"},"modified":"2024-06-25T15:59:59","modified_gmt":"2024-06-25T13:59:59","slug":"les-camps-2022","status":"publish","type":"page","link":"https:\/\/www.enfants.mpt-barsuraube.fr\/?page_id=3628","title":{"rendered":"Les camps"},"content":{"rendered":"\n<p><strong>LES SEJOURS D&rsquo;ETE\u00a0 :<\/strong><\/p>\n<p><strong>Contact :<\/strong><br \/>03 25 27 31 25 \/ enfance.mpt.bsa@gmail.com<br \/>Se renseigner aupr\u00e8s de Am\u00e9lie pour + de d\u00e9tails sur le contenu des camps.<\/p>\n\n\n\n<figure class=\"wp-block-gallery has-nested-images columns-default is-cropped wp-block-gallery-1 is-layout-flex wp-block-gallery-is-layout-flex\">\n<figure class=\"wp-block-image size-large\"><a href=\"https:\/\/www.enfants.mpt-barsuraube.fr\/wp-content\/uploads\/2024\/06\/Copie-de-Camps-Cirque-scaled.jpg\"><img loading=\"lazy\" decoding=\"async\" width=\"724\" height=\"1024\" data-id=\"3797\" src=\"https:\/\/www.enfants.mpt-barsuraube.fr\/wp-content\/uploads\/2024\/06\/Copie-de-Camps-Cirque-724x1024.jpg\" alt=\"\" class=\"wp-image-3797\" srcset=\"https:\/\/www.enfants.mpt-barsuraube.fr\/wp-content\/uploads\/2024\/06\/Copie-de-Camps-Cirque-724x1024.jpg 724w, https:\/\/www.enfants.mpt-barsuraube.fr\/wp-content\/uploads\/2024\/06\/Copie-de-Camps-Cirque-212x300.jpg 212w, https:\/\/www.enfants.mpt-barsuraube.fr\/wp-content\/uploads\/2024\/06\/Copie-de-Camps-Cirque-768x1086.jpg 768w, https:\/\/www.enfants.mpt-barsuraube.fr\/wp-content\/uploads\/2024\/06\/Copie-de-Camps-Cirque-1086x1536.jpg 1086w, https:\/\/www.enfants.mpt-barsuraube.fr\/wp-content\/uploads\/2024\/06\/Copie-de-Camps-Cirque-1448x2048.jpg 1448w, https:\/\/www.enfants.mpt-barsuraube.fr\/wp-content\/uploads\/2024\/06\/Copie-de-Camps-Cirque-scaled.jpg 1810w\" sizes=\"(max-width: 724px) 100vw, 724px\" \/><\/a><\/figure>\n<\/figure>\n\n\n\n<figure class=\"wp-block-gallery has-nested-images columns-default is-cropped wp-block-gallery-2 is-layout-flex wp-block-gallery-is-layout-flex\">\n<figure class=\"wp-block-image size-large\"><a href=\"https:\/\/www.enfants.mpt-barsuraube.fr\/wp-content\/uploads\/2024\/06\/1.png\"><img loading=\"lazy\" decoding=\"async\" width=\"724\" height=\"1024\" data-id=\"3798\" src=\"https:\/\/www.enfants.mpt-barsuraube.fr\/wp-content\/uploads\/2024\/06\/1-724x1024.png\" alt=\"\" class=\"wp-image-3798\" srcset=\"https:\/\/www.enfants.mpt-barsuraube.fr\/wp-content\/uploads\/2024\/06\/1-724x1024.png 724w, https:\/\/www.enfants.mpt-barsuraube.fr\/wp-content\/uploads\/2024\/06\/1-212x300.png 212w, https:\/\/www.enfants.mpt-barsuraube.fr\/wp-content\/uploads\/2024\/06\/1-768x1086.png 768w, https:\/\/www.enfants.mpt-barsuraube.fr\/wp-content\/uploads\/2024\/06\/1-1086x1536.png 1086w, https:\/\/www.enfants.mpt-barsuraube.fr\/wp-content\/uploads\/2024\/06\/1.png 1414w\" sizes=\"(max-width: 724px) 100vw, 724px\" \/><\/a><\/figure>\n<\/figure>\n\n\n\n<figure class=\"wp-block-gallery has-nested-images columns-default is-cropped wp-block-gallery-3 is-layout-flex wp-block-gallery-is-layout-flex\">\n<figure class=\"wp-block-image size-large\"><a href=\"https:\/\/www.enfants.mpt-barsuraube.fr\/wp-content\/uploads\/2024\/06\/camp-petits.jpg\"><img loading=\"lazy\" decoding=\"async\" width=\"724\" height=\"1024\" data-id=\"3800\" src=\"https:\/\/www.enfants.mpt-barsuraube.fr\/wp-content\/uploads\/2024\/06\/camp-petits-724x1024.jpg\" alt=\"\" class=\"wp-image-3800\" srcset=\"https:\/\/www.enfants.mpt-barsuraube.fr\/wp-content\/uploads\/2024\/06\/camp-petits-724x1024.jpg 724w, https:\/\/www.enfants.mpt-barsuraube.fr\/wp-content\/uploads\/2024\/06\/camp-petits-212x300.jpg 212w, https:\/\/www.enfants.mpt-barsuraube.fr\/wp-content\/uploads\/2024\/06\/camp-petits-768x1086.jpg 768w, https:\/\/www.enfants.mpt-barsuraube.fr\/wp-content\/uploads\/2024\/06\/camp-petits-1086x1536.jpg 1086w, https:\/\/www.enfants.mpt-barsuraube.fr\/wp-content\/uploads\/2024\/06\/camp-petits.jpg 1448w\" sizes=\"(max-width: 724px) 100vw, 724px\" \/><\/a><\/figure>\n<\/figure>\n","protected":false},"excerpt":{"rendered":"<p>LES SEJOURS D&rsquo;ETE\u00a0 : Contact :03 25 27 31 25 \/ enfance.mpt.bsa@gmail.comSe renseigner aupr\u00e8s de Am\u00e9lie pour + de d\u00e9tails sur le contenu des camps.<\/p>\n","protected":false},"author":6,"featured_media":1645,"parent":0,"menu_order":0,"comment_status":"closed","ping_status":"closed","template":"","meta":{"_EventAllDay":false,"_EventTimezone":"","_EventStartDate":"","_EventEndDate":"","_EventStartDateUTC":"","_EventEndDateUTC":"","_EventShowMap":false,"_EventShowMapLink":false,"_EventURL":"","_EventCost":"","_EventCostDescription":"","_EventCurrencySymbol":"","_EventCurrencyCode":"","_EventCurrencyPosition":"","_EventDateTimeSeparator":"","_EventTimeRangeSeparator":"","_EventOrganizerID":[],"_EventVenueID":[],"_OrganizerEmail":"","_OrganizerPhone":"","_OrganizerWebsite":"","_VenueAddress":"","_VenueCity":"","_VenueCountry":"","_VenueProvince":"","_VenueState":"","_VenueZip":"","_VenuePhone":"","_VenueURL":"","_VenueStateProvince":"","_VenueLat":"","_VenueLng":"","_VenueShowMap":false,"_VenueShowMapLink":false,"jetpack_post_was_ever_published":true,"footnotes":""},"jetpack_sharing_enabled":true,"jetpack_shortlink":"https:\/\/wp.me\/P5oR74-Ww","_links":{"self":[{"href":"https:\/\/www.enfants.mpt-barsuraube.fr\/index.php?rest_route=\/wp\/v2\/pages\/3628"}],"collection":[{"href":"https:\/\/www.enfants.mpt-barsuraube.fr\/index.php?rest_route=\/wp\/v2\/pages"}],"about":[{"href":"https:\/\/www.enfants.mpt-barsuraube.fr\/index.php?rest_route=\/wp\/v2\/types\/page"}],"author":[{"embeddable":true,"href":"https:\/\/www.enfants.mpt-barsuraube.fr\/index.php?rest_route=\/wp\/v2\/users\/6"}],"replies":[{"embeddable":true,"href":"https:\/\/www.enfants.mpt-barsuraube.fr\/index.php?rest_route=%2Fwp%2Fv2%2Fcomments&post=3628"}],"version-history":[{"count":5,"href":"https:\/\/www.enfants.mpt-barsuraube.fr\/index.php?rest_route=\/wp\/v2\/pages\/3628\/revisions"}],"predecessor-version":[{"id":3801,"href":"https:\/\/www.enfants.mpt-barsuraube.fr\/index.php?rest_route=\/wp\/v2\/pages\/3628\/revisions\/3801"}],"wp:featuredmedia":[{"embeddable":true,"href":"https:\/\/www.enfants.mpt-barsuraube.fr\/index.php?rest_route=\/wp\/v2\/media\/1645"}],"wp:attachment":[{"href":"https:\/\/www.enfants.mpt-barsuraube.fr\/index.php?rest_route=%2Fwp%2Fv2%2Fmedia&parent=3628"}],"curies":[{"name":"wp","href":"https:\/\/api.w.org\/{rel}","templated":true}]}}