{"id":6,"date":"2014-10-15T19:40:44","date_gmt":"2014-10-15T17:40:44","guid":{"rendered":"http:\/\/www.enfants.mpt-barsuraube.fr\/?page_id=6"},"modified":"2024-02-19T16:21:12","modified_gmt":"2024-02-19T14:21:12","slug":"le-club","status":"publish","type":"page","link":"https:\/\/www.enfants.mpt-barsuraube.fr\/?page_id=6","title":{"rendered":"Le Village d&rsquo;Enfants"},"content":{"rendered":"<h1 style=\"text-align: justify;\"><a href=\"https:\/\/www.enfants.mpt-barsuraube.fr\/wp-content\/uploads\/2019\/10\/Logo-MPT-Jean-Luc-Petit-temporaire.png\"><img loading=\"lazy\" decoding=\"async\" class=\"aligncenter size-medium wp-image-3248\" src=\"https:\/\/www.enfants.mpt-barsuraube.fr\/wp-content\/uploads\/2019\/10\/Logo-MPT-Jean-Luc-Petit-temporaire-300x222.png\" alt=\"\" width=\"300\" height=\"222\" srcset=\"https:\/\/www.enfants.mpt-barsuraube.fr\/wp-content\/uploads\/2019\/10\/Logo-MPT-Jean-Luc-Petit-temporaire-300x222.png 300w, https:\/\/www.enfants.mpt-barsuraube.fr\/wp-content\/uploads\/2019\/10\/Logo-MPT-Jean-Luc-Petit-temporaire.png 581w\" sizes=\"(max-width: 300px) 100vw, 300px\" \/><\/a><\/h1>\n<h1 style=\"text-align: justify;\"><span style=\"color: #d1904f;\"><strong>LA MAISON POUR TOUS JEAN-LUC PETIT &#8211; CENTRE SOCIAL<\/strong><\/span><\/h1>\n<p style=\"text-align: justify;\">La <strong>Maison Pour Tous<\/strong>\u00a0<strong>Jean-Luc Petit<\/strong> est une association loi 1901 cr\u00e9\u00e9e en 1967 dont la volont\u00e9 est d\u2019offrir aux jeunes et aux adultes un lieu d&rsquo;animation, un espace de rencontre et un acc\u00e8s \u00e0 la culture.\u00a0La MPT est un<strong> lieu d\u2019\u00e9ducation populaire.\u00a0<\/strong>Elle est agr\u00e9\u00e9e <strong>Centre Social<\/strong> par la Caisse d\u2019Allocations Familiales (CAF) depuis le 1<sup>er<\/sup> octobre 2010 et est f\u00e9d\u00e9r\u00e9e au r\u00e9seau des Maisons des Jeunes et de la Culture (MJC) de l&rsquo;Aube.<\/p>\n<p style=\"text-align: justify;\">Elle propose un large panel d&rsquo;activit\u00e9s sportives, culturelles et artistiques.<\/p>\n<p style=\"text-align: justify;\"><em><strong>Site officiel :<\/strong><\/em>\u00a0<a title=\"Site officiel de la MPT Centre Social\" href=\"http:\/\/www.mpt-barsuraube.fr\/\" target=\"_blank\" rel=\"noopener noreferrer\">www.mpt-barsuraube.fr<\/a><br \/>\n<em><strong>Facebook :<\/strong><\/em>\u00a0<a title=\"Facebook de la MPT Centre social de Bar-Sur-Aube\" href=\"https:\/\/fr-fr.facebook.com\/mpt.barsuraube\" target=\"_blank\" rel=\"noopener noreferrer\">fr-fr.facebook.com\/mpt.barsuraube<\/a><br \/>\n<em><strong>Youtube :<\/strong><\/em>\u00a0<a title=\"Cha\u00eene Youtube de la MPT Centre Social de Bar-Sur-Aube\" href=\"https:\/\/www.youtube.com\/channel\/UCtr6QIZnx_nl9ZNeofkCC2g\" target=\"_blank\" rel=\"noopener noreferrer\">www.youtube.com\/channel\/UCOLrxtEKRdqdwQ2gx8efE-w<\/a><\/p>\n<h1><\/h1>\n<h1><a href=\"https:\/\/www.enfants.mpt-barsuraube.fr\/wp-content\/uploads\/2020\/12\/Banni\u00e8re-Village-dEnfants.jpg\"><img loading=\"lazy\" decoding=\"async\" class=\"aligncenter wp-image-3542 size-full\" src=\"https:\/\/www.enfants.mpt-barsuraube.fr\/wp-content\/uploads\/2020\/12\/Banni\u00e8re-Village-dEnfants.jpg\" alt=\"\" width=\"1828\" height=\"388\" srcset=\"https:\/\/www.enfants.mpt-barsuraube.fr\/wp-content\/uploads\/2020\/12\/Banni\u00e8re-Village-dEnfants.jpg 1828w, https:\/\/www.enfants.mpt-barsuraube.fr\/wp-content\/uploads\/2020\/12\/Banni\u00e8re-Village-dEnfants-300x64.jpg 300w, https:\/\/www.enfants.mpt-barsuraube.fr\/wp-content\/uploads\/2020\/12\/Banni\u00e8re-Village-dEnfants-768x163.jpg 768w, https:\/\/www.enfants.mpt-barsuraube.fr\/wp-content\/uploads\/2020\/12\/Banni\u00e8re-Village-dEnfants-1024x217.jpg 1024w\" sizes=\"(max-width: 1828px) 100vw, 1828px\" \/><\/a><\/h1>\n<h1 style=\"text-align: justify;\"><span style=\"color: #d1904f;\"><strong>LE VILLAGE D&rsquo;ENFANTS<br \/>\n[ACCUEIL DE LOISIRS]<\/strong><\/span><\/h1>\n<p style=\"text-align: justify;\">L&rsquo;accueil de loisirs de la Maison Pour Tous Jean-Luc Petit &#8211; Centre social, appel\u00e9 <strong><em>Village d&rsquo;Enfants<\/em><\/strong>, accueille tout enfant scolaris\u00e9 \u00e2g\u00e9 de\u00a0<strong>3 \u00e0\u00a011 ans<\/strong> qu&rsquo;il soit un habitant de Bar-sur-Aube ou non. Cet accueil est aussi <strong>accessible aux enfants en situation de handicap<\/strong>.\u00a0La seule condition est que chaque enfant doit \u00eatre adh\u00e9rent \u00e0 la MPT.<\/p>\n<p style=\"text-align: justify;\">Les enfants du Village d&rsquo;Enfants sont encadr\u00e9s par <strong>une \u00e9quipe d&rsquo;animation qualifi\u00e9e<\/strong>.<\/p>\n<p style=\"text-align: justify;\">Le Village d&rsquo;Enfants r\u00e9partit en deux tranches d&rsquo;\u00e2ges les enfants afin que les rythmes soient adapt\u00e9s et respect\u00e9s.<\/p>\n<p style=\"text-align: justify;\"><strong><em>&#8211;\u00a0Les P&rsquo;tits Bouts<\/em><\/strong> : de 3 \u00e0 5 ans<br \/>\n<em><strong>&#8211; Les Kids<\/strong><\/em> : de 6 \u00e0 11 ans<\/p>\n<p style=\"text-align: justify;\">A partir de 11 ans, les jeunes ont la possibilit\u00e9 de rejoindre le <strong>Club Ados<\/strong>.<br \/>\n<a title=\"Site internet du Club Ados\" href=\"http:\/\/www.ados.mpt-barsuraube.fr\/\" target=\"_blank\" rel=\"noopener noreferrer\">Cliquez ici pour acc\u00e9der au site du Club Ados.<\/a><\/p>\n<blockquote><p><em><strong>NB :<\/strong> Des enfants de <strong>moins de 3 ans<\/strong> peuvent \u00eatre accept\u00e9s ; pour cela, il est n\u00e9cessaire d&rsquo;obtenir une d\u00e9rogation aupr\u00e8s de la PMI et l&rsquo;accord de la direction du village d&rsquo;Enfants<\/em><\/p>\n<p>Adresse : Centre m\u00e9dico-social &#8211; 8 rue Saint-Pierre, 10200 Bar-sur-Aube<br \/>\nT\u00e9l.\u00a003 25 27 06 25<\/p><\/blockquote>\n<h1 style=\"text-align: justify;\"><span style=\"color: #d1904f;\"><strong>+ D&rsquo;INFORMATIONS<\/strong><\/span><\/h1>\n<ul>\n<li><a title=\"L'\u00e9quipe du Club Enfants\" href=\"https:\/\/www.enfants.mpt-barsuraube.fr\/?page_id=13\" target=\"_blank\" rel=\"noopener noreferrer\"><strong>L&rsquo;\u00e9quipe du Village d&rsquo;Enfants<\/strong><\/a><\/li>\n<li><strong><a title=\"Les horaires\" href=\"https:\/\/www.enfants.mpt-barsuraube.fr\/?page_id=64\" target=\"_blank\" rel=\"noopener noreferrer\">Les horaires<\/a><\/strong><\/li>\n<li><a title=\"Les tarifs\" href=\"https:\/\/www.enfants.mpt-barsuraube.fr\/?page_id=60\" target=\"_blank\" rel=\"noopener noreferrer\"><strong>Les tarifs<\/strong><\/a><\/li>\n<li><a href=\"https:\/\/www.enfants.mpt-barsuraube.fr\/?page_id=1100\" target=\"_blank\" rel=\"noopener noreferrer\"><strong>Le\u00a0dossier d&rsquo;inscription<\/strong><\/a><\/li>\n<li><strong><a href=\"https:\/\/www.enfants.mpt-barsuraube.fr\/?page_id=491\" target=\"_blank\" rel=\"noopener noreferrer\">Le r\u00e8glement int\u00e9rieur<\/a><\/strong><\/li>\n<li><a href=\"https:\/\/www.enfants.mpt-barsuraube.fr\/?page_id=1866\"><strong>Les projets \u00e9ducatif et p\u00e9dagogique<\/strong><\/a><\/li>\n<\/ul>\n","protected":false},"excerpt":{"rendered":"<p>LA MAISON POUR TOUS JEAN-LUC PETIT &#8211; CENTRE SOCIAL La Maison Pour Tous\u00a0Jean-Luc Petit est une association loi 1901 cr\u00e9\u00e9e en 1967 dont la volont\u00e9 est d\u2019offrir aux jeunes et [&hellip;]<\/p>\n","protected":false},"author":6,"featured_media":3760,"parent":0,"menu_order":0,"comment_status":"closed","ping_status":"closed","template":"","meta":{"_EventAllDay":false,"_EventTimezone":"","_EventStartDate":"","_EventEndDate":"","_EventStartDateUTC":"","_EventEndDateUTC":"","_EventShowMap":false,"_EventShowMapLink":false,"_EventURL":"","_EventCost":"","_EventCostDescription":"","_EventCurrencySymbol":"","_EventCurrencyCode":"","_EventCurrencyPosition":"","_EventDateTimeSeparator":"","_EventTimeRangeSeparator":"","_EventOrganizerID":[],"_EventVenueID":[],"_OrganizerEmail":"","_OrganizerPhone":"","_OrganizerWebsite":"","_VenueAddress":"","_VenueCity":"","_VenueCountry":"","_VenueProvince":"","_VenueState":"","_VenueZip":"","_VenuePhone":"","_VenueURL":"","_VenueStateProvince":"","_VenueLat":"","_VenueLng":"","_VenueShowMap":false,"_VenueShowMapLink":false,"jetpack_post_was_ever_published":false,"footnotes":""},"jetpack_sharing_enabled":true,"jetpack_shortlink":"https:\/\/wp.me\/P5oR74-6","_links":{"self":[{"href":"https:\/\/www.enfants.mpt-barsuraube.fr\/index.php?rest_route=\/wp\/v2\/pages\/6"}],"collection":[{"href":"https:\/\/www.enfants.mpt-barsuraube.fr\/index.php?rest_route=\/wp\/v2\/pages"}],"about":[{"href":"https:\/\/www.enfants.mpt-barsuraube.fr\/index.php?rest_route=\/wp\/v2\/types\/page"}],"author":[{"embeddable":true,"href":"https:\/\/www.enfants.mpt-barsuraube.fr\/index.php?rest_route=\/wp\/v2\/users\/6"}],"replies":[{"embeddable":true,"href":"https:\/\/www.enfants.mpt-barsuraube.fr\/index.php?rest_route=%2Fwp%2Fv2%2Fcomments&post=6"}],"version-history":[{"count":27,"href":"https:\/\/www.enfants.mpt-barsuraube.fr\/index.php?rest_route=\/wp\/v2\/pages\/6\/revisions"}],"predecessor-version":[{"id":3546,"href":"https:\/\/www.enfants.mpt-barsuraube.fr\/index.php?rest_route=\/wp\/v2\/pages\/6\/revisions\/3546"}],"wp:featuredmedia":[{"embeddable":true,"href":"https:\/\/www.enfants.mpt-barsuraube.fr\/index.php?rest_route=\/wp\/v2\/media\/3760"}],"wp:attachment":[{"href":"https:\/\/www.enfants.mpt-barsuraube.fr\/index.php?rest_route=%2Fwp%2Fv2%2Fmedia&parent=6"}],"curies":[{"name":"wp","href":"https:\/\/api.w.org\/{rel}","templated":true}]}}