{"id":60,"date":"2014-11-07T19:35:11","date_gmt":"2014-11-07T17:35:11","guid":{"rendered":"http:\/\/www.enfants.mpt-barsuraube.fr\/?page_id=60"},"modified":"2024-06-25T15:54:47","modified_gmt":"2024-06-25T13:54:47","slug":"les-tarifs","status":"publish","type":"page","link":"https:\/\/www.enfants.mpt-barsuraube.fr\/?page_id=60","title":{"rendered":"Les tarifs"},"content":{"rendered":"<h1><span style=\"color: #d1904f;\"><strong>LES TARIFS<\/strong><\/span><\/h1>\n<p style=\"text-align: justify;\">Le co\u00fbt de l\u2019adh\u00e9sion \u00e0 la M.P.T. Jean-Luc Petit &#8211; Centre social s\u2019\u00e9l\u00e8ve \u00e0 <strong>12\u20ac<\/strong> par enfant et est valable\u00a0du 1<sup>er<\/sup> juillet au 30 juin de l&rsquo;ann\u00e9e suivante.<br \/>\nLa CAF ou la MSA peuvent verser une aide d\u00e8s que l\u2019enfant est accueilli une journ\u00e9e \u00e0 l&rsquo;accueil de loisirs. Cette aide prend en compte votre quotient familial.<\/p>\n<p style=\"text-align: justify;\"><strong>Toute absence non signal\u00e9e est factur\u00e9e plein tarif. <\/strong><br \/>\nEn effet, les repas command\u00e9s ont un co\u00fbt ; il en va de m\u00eame pour le recrutement d&rsquo;animateurs suppl\u00e9mentaires variable en fonction du nombre d&rsquo;enfants inscrits.<\/p>\n<p><strong>\u00a0<\/strong><\/p>\n<p style=\"text-align: left;\"><strong>Ci-dessous, les tarifs \u00e0 compter du 01 juillet 2024 :<br \/>\n<a href=\"https:\/\/www.enfants.mpt-barsuraube.fr\/wp-content\/uploads\/2022\/10\/Tarifs-village-denfants-2022-2023.jpg\"><img loading=\"lazy\" decoding=\"async\" class=\"alignnone wp-image-3650 \" src=\"https:\/\/www.enfants.mpt-barsuraube.fr\/wp-content\/uploads\/2022\/10\/Tarifs-village-denfants-2022-2023-1024x712.jpg\" alt=\"\" width=\"612\" height=\"425\" srcset=\"https:\/\/www.enfants.mpt-barsuraube.fr\/wp-content\/uploads\/2022\/10\/Tarifs-village-denfants-2022-2023-1024x712.jpg 1024w, https:\/\/www.enfants.mpt-barsuraube.fr\/wp-content\/uploads\/2022\/10\/Tarifs-village-denfants-2022-2023-300x209.jpg 300w, https:\/\/www.enfants.mpt-barsuraube.fr\/wp-content\/uploads\/2022\/10\/Tarifs-village-denfants-2022-2023-768x534.jpg 768w, https:\/\/www.enfants.mpt-barsuraube.fr\/wp-content\/uploads\/2022\/10\/Tarifs-village-denfants-2022-2023.jpg 1200w\" sizes=\"(max-width: 612px) 100vw, 612px\" \/><\/a><\/strong><em><br \/>\n<\/em><strong><br \/>\n<\/strong><\/p>\n<p style=\"text-align: center;\">\n","protected":false},"excerpt":{"rendered":"<p>LES TARIFS Le co\u00fbt de l\u2019adh\u00e9sion \u00e0 la M.P.T. Jean-Luc Petit &#8211; Centre social s\u2019\u00e9l\u00e8ve \u00e0 12\u20ac par enfant et est valable\u00a0du 1er juillet au 30 juin de l&rsquo;ann\u00e9e suivante. [&hellip;]<\/p>\n","protected":false},"author":6,"featured_media":0,"parent":6,"menu_order":3,"comment_status":"closed","ping_status":"closed","template":"","meta":{"_EventAllDay":false,"_EventTimezone":"","_EventStartDate":"","_EventEndDate":"","_EventStartDateUTC":"","_EventEndDateUTC":"","_EventShowMap":false,"_EventShowMapLink":false,"_EventURL":"","_EventCost":"","_EventCostDescription":"","_EventCurrencySymbol":"","_EventCurrencyCode":"","_EventCurrencyPosition":"","_EventDateTimeSeparator":"","_EventTimeRangeSeparator":"","_EventOrganizerID":[],"_EventVenueID":[],"_OrganizerEmail":"","_OrganizerPhone":"","_OrganizerWebsite":"","_VenueAddress":"","_VenueCity":"","_VenueCountry":"","_VenueProvince":"","_VenueState":"","_VenueZip":"","_VenuePhone":"","_VenueURL":"","_VenueStateProvince":"","_VenueLat":"","_VenueLng":"","_VenueShowMap":false,"_VenueShowMapLink":false,"jetpack_post_was_ever_published":false,"footnotes":""},"jetpack_sharing_enabled":true,"jetpack_shortlink":"https:\/\/wp.me\/P5oR74-Y","_links":{"self":[{"href":"https:\/\/www.enfants.mpt-barsuraube.fr\/index.php?rest_route=\/wp\/v2\/pages\/60"}],"collection":[{"href":"https:\/\/www.enfants.mpt-barsuraube.fr\/index.php?rest_route=\/wp\/v2\/pages"}],"about":[{"href":"https:\/\/www.enfants.mpt-barsuraube.fr\/index.php?rest_route=\/wp\/v2\/types\/page"}],"author":[{"embeddable":true,"href":"https:\/\/www.enfants.mpt-barsuraube.fr\/index.php?rest_route=\/wp\/v2\/users\/6"}],"replies":[{"embeddable":true,"href":"https:\/\/www.enfants.mpt-barsuraube.fr\/index.php?rest_route=%2Fwp%2Fv2%2Fcomments&post=60"}],"version-history":[{"count":30,"href":"https:\/\/www.enfants.mpt-barsuraube.fr\/index.php?rest_route=\/wp\/v2\/pages\/60\/revisions"}],"predecessor-version":[{"id":3796,"href":"https:\/\/www.enfants.mpt-barsuraube.fr\/index.php?rest_route=\/wp\/v2\/pages\/60\/revisions\/3796"}],"up":[{"embeddable":true,"href":"https:\/\/www.enfants.mpt-barsuraube.fr\/index.php?rest_route=\/wp\/v2\/pages\/6"}],"wp:attachment":[{"href":"https:\/\/www.enfants.mpt-barsuraube.fr\/index.php?rest_route=%2Fwp%2Fv2%2Fmedia&parent=60"}],"curies":[{"name":"wp","href":"https:\/\/api.w.org\/{rel}","templated":true}]}}